{"id":1804,"date":"2025-04-21T11:24:52","date_gmt":"2025-04-21T09:24:52","guid":{"rendered":"https:\/\/losmarangos.com\/beatas\/"},"modified":"2025-08-22T13:47:02","modified_gmt":"2025-08-22T11:47:02","slug":"beatas","status":"publish","type":"page","link":"https:\/\/losmarangos.com\/de\/beatas\/","title":{"rendered":"Beatas"},"content":{"rendered":"\t\t<div data-elementor-type=\"wp-page\" data-elementor-id=\"1804\" class=\"elementor elementor-1804 elementor-556\" data-elementor-post-type=\"page\">\n\t\t\t\t<div class=\"elementor-element elementor-element-cbf2ff6 e-flex e-con-boxed e-con e-parent\" data-id=\"cbf2ff6\" data-element_type=\"container\" data-e-type=\"container\" data-settings=\"{&quot;background_background&quot;:&quot;classic&quot;}\">\n\t\t\t\t\t<div class=\"e-con-inner\">\n\t\t<div class=\"elementor-element elementor-element-b12c7d6 e-con-full e-flex e-con e-child\" data-id=\"b12c7d6\" data-element_type=\"container\" data-e-type=\"container\">\n\t\t<div class=\"elementor-element elementor-element-5ea5106 e-con-full e-flex e-con e-child\" data-id=\"5ea5106\" data-element_type=\"container\" data-e-type=\"container\">\n\t\t\t\t<div class=\"elementor-element elementor-element-c65b56d elementor-widget elementor-widget-button\" data-id=\"c65b56d\" data-element_type=\"widget\" data-e-type=\"widget\" data-widget_type=\"button.default\">\n\t\t\t\t<div class=\"elementor-widget-container\">\n\t\t\t\t\t\t\t\t\t<div class=\"elementor-button-wrapper\">\n\t\t\t\t\t<a class=\"elementor-button elementor-button-link elementor-size-sm\" href=\"https:\/\/losmarangos.com\/wp-content\/uploads\/cartas\/carta-los-marangos-beatas.pdf\" target=\"_blank\">\n\t\t\t\t\t\t<span class=\"elementor-button-content-wrapper\">\n\t\t\t\t\t\t\t\t\t<span class=\"elementor-button-text\">Siehe Speisekarte<\/span>\n\t\t\t\t\t<\/span>\n\t\t\t\t\t<\/a>\n\t\t\t\t<\/div>\n\t\t\t\t\t\t\t\t<\/div>\n\t\t\t\t<\/div>\n\t\t\t\t<div class=\"elementor-element elementor-element-6d198fe elementor-widget elementor-widget-button\" data-id=\"6d198fe\" data-element_type=\"widget\" data-e-type=\"widget\" data-widget_type=\"button.default\">\n\t\t\t\t<div class=\"elementor-widget-container\">\n\t\t\t\t\t\t\t\t\t<div class=\"elementor-button-wrapper\">\n\t\t\t\t\t<a class=\"elementor-button elementor-button-link elementor-size-sm\" href=\"#reservar\">\n\t\t\t\t\t\t<span class=\"elementor-button-content-wrapper\">\n\t\t\t\t\t\t\t\t\t<span class=\"elementor-button-text\">Buchen Sie<\/span>\n\t\t\t\t\t<\/span>\n\t\t\t\t\t<\/a>\n\t\t\t\t<\/div>\n\t\t\t\t\t\t\t\t<\/div>\n\t\t\t\t<\/div>\n\t\t\t\t<\/div>\n\t\t\t\t<div class=\"elementor-element elementor-element-089ea2e filter-invert elementor-widget elementor-widget-image\" data-id=\"089ea2e\" data-element_type=\"widget\" data-e-type=\"widget\" data-widget_type=\"image.default\">\n\t\t\t\t<div class=\"elementor-widget-container\">\n\t\t\t\t\t\t\t\t\t\t\t\t\t\t\t<img fetchpriority=\"high\" decoding=\"async\" width=\"900\" height=\"431\" src=\"https:\/\/losmarangos.com\/wp-content\/uploads\/2025\/03\/logo-los-marangos-beatas-1.png\" class=\"attachment-large size-large wp-image-1184\" alt=\"\" srcset=\"https:\/\/losmarangos.com\/wp-content\/uploads\/2025\/03\/logo-los-marangos-beatas-1.png 978w, https:\/\/losmarangos.com\/wp-content\/uploads\/2025\/03\/logo-los-marangos-beatas-1-300x144.png 300w, https:\/\/losmarangos.com\/wp-content\/uploads\/2025\/03\/logo-los-marangos-beatas-1-768x368.png 768w\" sizes=\"(max-width: 900px) 100vw, 900px\" \/>\t\t\t\t\t\t\t\t\t\t\t\t\t\t\t<\/div>\n\t\t\t\t<\/div>\n\t\t\t\t<\/div>\n\t\t\t\t\t<\/div>\n\t\t\t\t<\/div>\n\t\t<div class=\"elementor-element elementor-element-239d5a5 e-con-full e-flex e-con e-parent\" data-id=\"239d5a5\" data-element_type=\"container\" data-e-type=\"container\">\n\t\t\t\t<div class=\"elementor-element elementor-element-4877c20 carousel-home elementor-arrows-position-inside elementor-widget elementor-widget-image-carousel\" data-id=\"4877c20\" data-element_type=\"widget\" data-e-type=\"widget\" data-settings=\"{&quot;navigation&quot;:&quot;arrows&quot;,&quot;autoplay&quot;:&quot;yes&quot;,&quot;pause_on_hover&quot;:&quot;yes&quot;,&quot;pause_on_interaction&quot;:&quot;yes&quot;,&quot;autoplay_speed&quot;:5000,&quot;infinite&quot;:&quot;yes&quot;,&quot;speed&quot;:500}\" data-widget_type=\"image-carousel.default\">\n\t\t\t\t<div class=\"elementor-widget-container\">\n\t\t\t\t\t\t\t<div class=\"elementor-image-carousel-wrapper swiper\" role=\"region\" aria-roledescription=\"carousel\" aria-label=\"Carrusel de im\u00e1genes\" dir=\"ltr\">\n\t\t\t<div class=\"elementor-image-carousel swiper-wrapper\" aria-live=\"off\">\n\t\t\t\t\t\t\t\t<div class=\"swiper-slide\" role=\"group\" aria-roledescription=\"slide\" aria-label=\"1 von 7\"><figure class=\"swiper-slide-inner\"><img decoding=\"async\" class=\"swiper-slide-image\" src=\"https:\/\/losmarangos.com\/wp-content\/uploads\/2025\/04\/beatas1.jpg.jpg\" alt=\"beatas1.jpg\" \/><\/figure><\/div><div class=\"swiper-slide\" role=\"group\" aria-roledescription=\"slide\" aria-label=\"2 von 7\"><figure class=\"swiper-slide-inner\"><img decoding=\"async\" class=\"swiper-slide-image\" src=\"https:\/\/losmarangos.com\/wp-content\/uploads\/2025\/04\/beatas1-1.jpg-1.jpg\" alt=\"beatas1.jpg\" \/><\/figure><\/div><div class=\"swiper-slide\" role=\"group\" aria-roledescription=\"slide\" aria-label=\"3 von 7\"><figure class=\"swiper-slide-inner\"><img decoding=\"async\" class=\"swiper-slide-image\" src=\"https:\/\/losmarangos.com\/wp-content\/uploads\/2025\/04\/beatas2.jpg.jpg\" alt=\"beatas2.jpg\" \/><\/figure><\/div><div class=\"swiper-slide\" role=\"group\" aria-roledescription=\"slide\" aria-label=\"4 von 7\"><figure class=\"swiper-slide-inner\"><img decoding=\"async\" class=\"swiper-slide-image\" src=\"https:\/\/losmarangos.com\/wp-content\/uploads\/2025\/04\/beatas2-1.jpg-1.jpg\" alt=\"beatas2.jpg\" \/><\/figure><\/div><div class=\"swiper-slide\" role=\"group\" aria-roledescription=\"slide\" aria-label=\"5 von 7\"><figure class=\"swiper-slide-inner\"><img decoding=\"async\" class=\"swiper-slide-image\" src=\"https:\/\/losmarangos.com\/wp-content\/uploads\/2025\/04\/beatas3.jpg.jpg\" alt=\"beatas3.jpg\" \/><\/figure><\/div><div class=\"swiper-slide\" role=\"group\" aria-roledescription=\"slide\" aria-label=\"6 von 7\"><figure class=\"swiper-slide-inner\"><img decoding=\"async\" class=\"swiper-slide-image\" src=\"https:\/\/losmarangos.com\/wp-content\/uploads\/2025\/04\/beatas3-1.jpg-1.jpg\" alt=\"beatas3.jpg\" \/><\/figure><\/div><div class=\"swiper-slide\" role=\"group\" aria-roledescription=\"slide\" aria-label=\"7 von 7\"><figure class=\"swiper-slide-inner\"><img decoding=\"async\" class=\"swiper-slide-image\" src=\"https:\/\/losmarangos.com\/wp-content\/uploads\/2025\/04\/beatas4.jpg.jpg\" alt=\"beatas4.jpg\" \/><\/figure><\/div>\t\t\t<\/div>\n\t\t\t\t\t\t\t\t\t\t\t\t<div class=\"elementor-swiper-button elementor-swiper-button-prev\" role=\"button\" tabindex=\"0\">\n\t\t\t\t\t\t<svg aria-hidden=\"true\" class=\"e-font-icon-svg e-eicon-chevron-left\" viewBox=\"0 0 1000 1000\" xmlns=\"http:\/\/www.w3.org\/2000\/svg\"><path d=\"M646 125C629 125 613 133 604 142L308 442C296 454 292 471 292 487 292 504 296 521 308 533L604 854C617 867 629 875 646 875 663 875 679 871 692 858 704 846 713 829 713 812 713 796 708 779 692 767L438 487 692 225C700 217 708 204 708 187 708 171 704 154 692 142 675 129 663 125 646 125Z\"><\/path><\/svg>\t\t\t\t\t<\/div>\n\t\t\t\t\t<div class=\"elementor-swiper-button elementor-swiper-button-next\" role=\"button\" tabindex=\"0\">\n\t\t\t\t\t\t<svg aria-hidden=\"true\" class=\"e-font-icon-svg e-eicon-chevron-right\" viewBox=\"0 0 1000 1000\" xmlns=\"http:\/\/www.w3.org\/2000\/svg\"><path d=\"M696 533C708 521 713 504 713 487 713 471 708 454 696 446L400 146C388 133 375 125 354 125 338 125 325 129 313 142 300 154 292 171 292 187 292 204 296 221 308 233L563 492 304 771C292 783 288 800 288 817 288 833 296 850 308 863 321 871 338 875 354 875 371 875 388 867 400 854L696 533Z\"><\/path><\/svg>\t\t\t\t\t<\/div>\n\t\t\t\t\n\t\t\t\t\t\t\t\t\t<\/div>\n\t\t\t\t\t\t<\/div>\n\t\t\t\t<\/div>\n\t\t\t\t<\/div>\n\t\t<div class=\"elementor-element elementor-element-4864557 e-flex e-con-boxed e-con e-parent\" data-id=\"4864557\" data-element_type=\"container\" data-e-type=\"container\">\n\t\t\t\t\t<div class=\"e-con-inner\">\n\t\t\t\t<div class=\"elementor-element elementor-element-9b62b83 elementor-widget elementor-widget-heading\" data-id=\"9b62b83\" data-element_type=\"widget\" data-e-type=\"widget\" data-widget_type=\"heading.default\">\n\t\t\t\t<div class=\"elementor-widget-container\">\n\t\t\t\t\t<h2 class=\"elementor-heading-title elementor-size-default\">Kommen Sie zu LOS MARANG\u00d3S in der Calle Beatas<\/h2>\t\t\t\t<\/div>\n\t\t\t\t<\/div>\n\t\t\t\t<div class=\"elementor-element elementor-element-8d0478b elementor-widget__width-initial elementor-widget elementor-widget-text-editor\" data-id=\"8d0478b\" data-element_type=\"widget\" data-e-type=\"widget\" data-widget_type=\"text-editor.default\">\n\t\t\t\t<div class=\"elementor-widget-container\">\n\t\t\t\t\t\t\t\t\t<p><b>LOS MARANG\u00d3S in der Calle Beatas <\/b><span style=\"font-weight: 400;\">war das erste Restaurant, das wir in M\u00e1laga er\u00f6ffnet haben, und deshalb ist es f\u00fcr uns ein ganz besonderes Restaurant. Es befindet sich in einer dieser sch\u00f6nen kleinen Stra\u00dfen, die typisch f\u00fcr die Region sind  <\/span><b>M\u00e1laga Stadtzentrum<\/b><span style=\"font-weight: 400;\">, speziell in einer Ecke mit viel Charme. Sowohl im Inneren des Restaurants als auch auf der gro\u00dfen Terrasse k\u00f6nnen Sie die  <\/span><b>setzen <\/b><span style=\"font-weight: 400;\">Sie sich mit uns in Verbindung<\/span>,<b> um eine Reservierung <\/b><span style=\"font-weight: 400;\">vorzunehmen und aus erster <\/span><b>Hand zu sehen<\/b><span style=\"font-weight: 400;\">, <\/span><span style=\"font-weight: 400;\">was wir <\/span><b>Ihnen bieten k\u00f6nnen!<\/b><\/p>\t\t\t\t\t\t\t\t<\/div>\n\t\t\t\t<\/div>\n\t\t\t\t\t<\/div>\n\t\t\t\t<\/div>\n\t\t<div class=\"elementor-element elementor-element-504bd18 e-flex e-con-boxed e-con e-parent\" data-id=\"504bd18\" data-element_type=\"container\" data-e-type=\"container\">\n\t\t\t\t\t<div class=\"e-con-inner\">\n\t\t\t\t<div class=\"elementor-element elementor-element-d9e2feb elementor-widget elementor-widget-shortcode\" data-id=\"d9e2feb\" data-element_type=\"widget\" data-e-type=\"widget\" data-widget_type=\"shortcode.default\">\n\t\t\t\t<div class=\"elementor-widget-container\">\n\t\t\t\t\t\t\t<div class=\"elementor-shortcode\"><script defer async src='https:\/\/cdn.trustindex.io\/loader.js?f8561fd457680064e896800fbd8'><\/script><\/div>\n\t\t\t\t\t\t<\/div>\n\t\t\t\t<\/div>\n\t\t\t\t\t<\/div>\n\t\t\t\t<\/div>\n\t\t<div class=\"elementor-element elementor-element-dcdf26d e-flex e-con-boxed e-con e-parent\" data-id=\"dcdf26d\" data-element_type=\"container\" data-e-type=\"container\" id=\"reservar\">\n\t\t\t\t\t<div class=\"e-con-inner\">\n\t\t\t\t<div class=\"elementor-element elementor-element-1bbd135 text-balance elementor-widget elementor-widget-heading\" data-id=\"1bbd135\" data-element_type=\"widget\" data-e-type=\"widget\" data-widget_type=\"heading.default\">\n\t\t\t\t<div class=\"elementor-widget-container\">\n\t\t\t\t\t<h2 class=\"elementor-heading-title elementor-size-default\">Reservieren Sie Ihren Tisch bei<br>LOS MARANG\u00d3S in Calle Beatas<\/h2>\t\t\t\t<\/div>\n\t\t\t\t<\/div>\n\t\t\t\t<div class=\"elementor-element elementor-element-2d64d7d elementor-widget__width-initial elementor-widget elementor-widget-text-editor\" data-id=\"2d64d7d\" data-element_type=\"widget\" data-e-type=\"widget\" data-widget_type=\"text-editor.default\">\n\t\t\t\t<div class=\"elementor-widget-container\">\n\t\t\t\t\t\t\t\t\t<p>Reservieren Sie Ihren Tisch im Los Marang\u00f3s und lassen Sie sich vom Besten der spanischen K\u00fcche erobern.<\/p>\t\t\t\t\t\t\t\t<\/div>\n\t\t\t\t<\/div>\n\t\t\t\t<div class=\"elementor-element elementor-element-9e10523 elementor-widget elementor-widget-html\" data-id=\"9e10523\" data-element_type=\"widget\" data-e-type=\"widget\" data-widget_type=\"html.default\">\n\t\t\t\t<div class=\"elementor-widget-container\">\n\t\t\t\t\t<iframe src=\"https:\/\/widget.thefork.com\/5d1656d3-ce00-4d0f-a874-14cb1b50de19\" allow=\"payment *\" style=\"width: 100%; min-height:800px; border:none; overflow:scroll;\"><\/iframe>\t\t\t\t<\/div>\n\t\t\t\t<\/div>\n\t\t\t\t\t<\/div>\n\t\t\t\t<\/div>\n\t\t<div class=\"elementor-element elementor-element-6886c9b e-con-full e-flex e-con e-parent\" data-id=\"6886c9b\" data-element_type=\"container\" data-e-type=\"container\">\n\t\t\t\t<div class=\"elementor-element elementor-element-e9225f5 elementor-widget elementor-widget-google_maps\" data-id=\"e9225f5\" data-element_type=\"widget\" data-e-type=\"widget\" data-widget_type=\"google_maps.default\">\n\t\t\t\t<div class=\"elementor-widget-container\">\n\t\t\t\t\t\t\t<div class=\"elementor-custom-embed\">\n\t\t\t<iframe loading=\"lazy\"\n\t\t\t\t\tsrc=\"https:\/\/maps.google.com\/maps?q=marangos%20beatas&#038;t=m&#038;z=16&#038;output=embed&#038;iwloc=near\"\n\t\t\t\t\ttitle=\"marangos beatas\"\n\t\t\t\t\taria-label=\"marangos beatas\"\n\t\t\t><\/iframe>\n\t\t<\/div>\n\t\t\t\t\t\t<\/div>\n\t\t\t\t<\/div>\n\t\t\t\t<\/div>\n\t\t<div class=\"elementor-element elementor-element-ae49901 elementor-hidden-desktop elementor-hidden-tablet e-flex e-con-boxed e-con e-parent\" data-id=\"ae49901\" data-element_type=\"container\" data-e-type=\"container\" data-settings=\"{&quot;sticky&quot;:&quot;bottom&quot;,&quot;sticky_on&quot;:[&quot;mobile&quot;],&quot;sticky_offset&quot;:0,&quot;sticky_effects_offset&quot;:0,&quot;sticky_anchor_link_offset&quot;:0}\">\n\t\t\t\t\t<div class=\"e-con-inner\">\n\t\t<a class=\"elementor-element elementor-element-db604e8 e-con-full e-flex e-con e-child\" data-id=\"db604e8\" data-element_type=\"container\" data-e-type=\"container\" data-settings=\"{&quot;background_background&quot;:&quot;classic&quot;}\" href=\"https:\/\/widget.thefork.com\/5d1656d3-ce00-4d0f-a874-14cb1b50de19\" target=\"_blank\">\n\t\t\t\t<div class=\"elementor-element elementor-element-71c8194 elementor-widget elementor-widget-heading\" data-id=\"71c8194\" data-element_type=\"widget\" data-e-type=\"widget\" data-widget_type=\"heading.default\">\n\t\t\t\t<div class=\"elementor-widget-container\">\n\t\t\t\t\t<div class=\"elementor-heading-title elementor-size-default\">Buchen Sie<\/div>\t\t\t\t<\/div>\n\t\t\t\t<\/div>\n\t\t\t\t<\/a>\n\t\t<a class=\"elementor-element elementor-element-ca50db7 e-con-full e-flex e-con e-child\" data-id=\"ca50db7\" data-element_type=\"container\" data-e-type=\"container\" data-settings=\"{&quot;background_background&quot;:&quot;classic&quot;}\" href=\"https:\/\/losmarangos.com\/wp-content\/uploads\/cartas\/carta-los-marangos-beatas.pdf\" target=\"_blank\">\n\t\t\t\t<div class=\"elementor-element elementor-element-29f1b53 elementor-widget elementor-widget-heading\" data-id=\"29f1b53\" data-element_type=\"widget\" data-e-type=\"widget\" data-widget_type=\"heading.default\">\n\t\t\t\t<div class=\"elementor-widget-container\">\n\t\t\t\t\t<div class=\"elementor-heading-title elementor-size-default\">Siehe Speisekarte<\/div>\t\t\t\t<\/div>\n\t\t\t\t<\/div>\n\t\t\t\t<\/a>\n\t\t\t\t\t<\/div>\n\t\t\t\t<\/div>\n\t\t\t\t<\/div>\n\t\t","protected":false},"excerpt":{"rendered":"<p>Siehe Speisekarte Buchen Sie Kommen Sie zu LOS MARANG\u00d3S in der Calle Beatas LOS MARANG\u00d3S in der Calle Beatas war das erste Restaurant, das wir in M\u00e1laga er\u00f6ffnet haben, und deshalb ist es f\u00fcr uns ein ganz besonderes Restaurant. Es befindet sich in einer dieser sch\u00f6nen kleinen Stra\u00dfen, die typisch f\u00fcr die Region sind M\u00e1laga &#8230; <a title=\"Beatas\" class=\"read-more\" href=\"https:\/\/losmarangos.com\/de\/beatas\/\" aria-label=\"Mehr Informationen \u00fcber Beatas\">Weiterlesen<\/a><\/p>\n","protected":false},"author":1,"featured_media":1460,"parent":0,"menu_order":0,"comment_status":"closed","ping_status":"closed","template":"elementor_header_footer","meta":{"footnotes":""},"class_list":["post-1804","page","type-page","status-publish","has-post-thumbnail"],"yoast_head":"<!-- This site is optimized with the Yoast SEO plugin v27.4 - https:\/\/yoast.com\/product\/yoast-seo-wordpress\/ -->\n<title>Los Marang\u00f3s Beatas | Restaurant mit spanischer K\u00fcche in M\u00e1laga<\/title>\n<meta name=\"description\" content=\"Los Marang\u00f3s Beatas, Ihr Tapas-Restaurant im Stadtzentrum von M\u00e1laga mit authentischer spanischer K\u00fcche. Buchen Sie und genie\u00dfen Sie das Erlebnis!\" \/>\n<meta name=\"robots\" content=\"index, follow, max-snippet:-1, max-image-preview:large, max-video-preview:-1\" \/>\n<link rel=\"canonical\" href=\"https:\/\/losmarangos.com\/de\/beatas\/\" \/>\n<meta property=\"og:locale\" content=\"de_DE\" \/>\n<meta property=\"og:type\" content=\"article\" \/>\n<meta property=\"og:title\" content=\"Los Marang\u00f3s Beatas | Restaurant mit spanischer K\u00fcche in M\u00e1laga\" \/>\n<meta property=\"og:description\" content=\"Los Marang\u00f3s Beatas, Ihr Tapas-Restaurant im Stadtzentrum von M\u00e1laga mit authentischer spanischer K\u00fcche. Buchen Sie und genie\u00dfen Sie das Erlebnis!\" \/>\n<meta property=\"og:url\" content=\"https:\/\/losmarangos.com\/de\/beatas\/\" \/>\n<meta property=\"og:site_name\" content=\"Marangos\" \/>\n<meta property=\"article:modified_time\" content=\"2025-08-22T11:47:02+00:00\" \/>\n<meta property=\"og:image\" content=\"https:\/\/losmarangos.com\/wp-content\/uploads\/2025\/04\/beatas1.jpg.jpg\" \/>\n\t<meta property=\"og:image:width\" content=\"1920\" \/>\n\t<meta property=\"og:image:height\" content=\"1080\" \/>\n\t<meta property=\"og:image:type\" content=\"image\/jpeg\" \/>\n<meta name=\"twitter:card\" content=\"summary_large_image\" \/>\n<meta name=\"twitter:label1\" content=\"Gesch\u00e4tzte Lesezeit\" \/>\n\t<meta name=\"twitter:data1\" content=\"1\u00a0Minute\" \/>\n<script type=\"application\/ld+json\" class=\"yoast-schema-graph\">{\"@context\":\"https:\\\/\\\/schema.org\",\"@graph\":[{\"@type\":\"WebPage\",\"@id\":\"https:\\\/\\\/losmarangos.com\\\/de\\\/beatas\\\/\",\"url\":\"https:\\\/\\\/losmarangos.com\\\/de\\\/beatas\\\/\",\"name\":\"Los Marang\u00f3s Beatas | Restaurant mit spanischer K\u00fcche in M\u00e1laga\",\"isPartOf\":{\"@id\":\"https:\\\/\\\/losmarangos.com\\\/#website\"},\"primaryImageOfPage\":{\"@id\":\"https:\\\/\\\/losmarangos.com\\\/de\\\/beatas\\\/#primaryimage\"},\"image\":{\"@id\":\"https:\\\/\\\/losmarangos.com\\\/de\\\/beatas\\\/#primaryimage\"},\"thumbnailUrl\":\"https:\\\/\\\/losmarangos.com\\\/wp-content\\\/uploads\\\/2025\\\/04\\\/beatas1.jpg.jpg\",\"datePublished\":\"2025-04-21T09:24:52+00:00\",\"dateModified\":\"2025-08-22T11:47:02+00:00\",\"description\":\"Los Marang\u00f3s Beatas, Ihr Tapas-Restaurant im Stadtzentrum von M\u00e1laga mit authentischer spanischer K\u00fcche. Buchen Sie und genie\u00dfen Sie das Erlebnis!\",\"breadcrumb\":{\"@id\":\"https:\\\/\\\/losmarangos.com\\\/de\\\/beatas\\\/#breadcrumb\"},\"inLanguage\":\"de\",\"potentialAction\":[{\"@type\":\"ReadAction\",\"target\":[\"https:\\\/\\\/losmarangos.com\\\/de\\\/beatas\\\/\"]}]},{\"@type\":\"ImageObject\",\"inLanguage\":\"de\",\"@id\":\"https:\\\/\\\/losmarangos.com\\\/de\\\/beatas\\\/#primaryimage\",\"url\":\"https:\\\/\\\/losmarangos.com\\\/wp-content\\\/uploads\\\/2025\\\/04\\\/beatas1.jpg.jpg\",\"contentUrl\":\"https:\\\/\\\/losmarangos.com\\\/wp-content\\\/uploads\\\/2025\\\/04\\\/beatas1.jpg.jpg\",\"width\":1920,\"height\":1080},{\"@type\":\"BreadcrumbList\",\"@id\":\"https:\\\/\\\/losmarangos.com\\\/de\\\/beatas\\\/#breadcrumb\",\"itemListElement\":[{\"@type\":\"ListItem\",\"position\":1,\"name\":\"Portada\",\"item\":\"https:\\\/\\\/losmarangos.com\\\/de\\\/startseite\\\/\"},{\"@type\":\"ListItem\",\"position\":2,\"name\":\"Beatas\"}]},{\"@type\":\"WebSite\",\"@id\":\"https:\\\/\\\/losmarangos.com\\\/#website\",\"url\":\"https:\\\/\\\/losmarangos.com\\\/\",\"name\":\"Marangos\",\"description\":\"\",\"potentialAction\":[{\"@type\":\"SearchAction\",\"target\":{\"@type\":\"EntryPoint\",\"urlTemplate\":\"https:\\\/\\\/losmarangos.com\\\/?s={search_term_string}\"},\"query-input\":{\"@type\":\"PropertyValueSpecification\",\"valueRequired\":true,\"valueName\":\"search_term_string\"}}],\"inLanguage\":\"de\"}]}<\/script>\n<!-- \/ Yoast SEO plugin. -->","yoast_head_json":{"title":"Los Marang\u00f3s Beatas | Restaurant mit spanischer K\u00fcche in M\u00e1laga","description":"Los Marang\u00f3s Beatas, Ihr Tapas-Restaurant im Stadtzentrum von M\u00e1laga mit authentischer spanischer K\u00fcche. Buchen Sie und genie\u00dfen Sie das Erlebnis!","robots":{"index":"index","follow":"follow","max-snippet":"max-snippet:-1","max-image-preview":"max-image-preview:large","max-video-preview":"max-video-preview:-1"},"canonical":"https:\/\/losmarangos.com\/de\/beatas\/","og_locale":"de_DE","og_type":"article","og_title":"Los Marang\u00f3s Beatas | Restaurant mit spanischer K\u00fcche in M\u00e1laga","og_description":"Los Marang\u00f3s Beatas, Ihr Tapas-Restaurant im Stadtzentrum von M\u00e1laga mit authentischer spanischer K\u00fcche. Buchen Sie und genie\u00dfen Sie das Erlebnis!","og_url":"https:\/\/losmarangos.com\/de\/beatas\/","og_site_name":"Marangos","article_modified_time":"2025-08-22T11:47:02+00:00","og_image":[{"width":1920,"height":1080,"url":"https:\/\/losmarangos.com\/wp-content\/uploads\/2025\/04\/beatas1.jpg.jpg","type":"image\/jpeg"}],"twitter_card":"summary_large_image","twitter_misc":{"Gesch\u00e4tzte Lesezeit":"1\u00a0Minute"},"schema":{"@context":"https:\/\/schema.org","@graph":[{"@type":"WebPage","@id":"https:\/\/losmarangos.com\/de\/beatas\/","url":"https:\/\/losmarangos.com\/de\/beatas\/","name":"Los Marang\u00f3s Beatas | Restaurant mit spanischer K\u00fcche in M\u00e1laga","isPartOf":{"@id":"https:\/\/losmarangos.com\/#website"},"primaryImageOfPage":{"@id":"https:\/\/losmarangos.com\/de\/beatas\/#primaryimage"},"image":{"@id":"https:\/\/losmarangos.com\/de\/beatas\/#primaryimage"},"thumbnailUrl":"https:\/\/losmarangos.com\/wp-content\/uploads\/2025\/04\/beatas1.jpg.jpg","datePublished":"2025-04-21T09:24:52+00:00","dateModified":"2025-08-22T11:47:02+00:00","description":"Los Marang\u00f3s Beatas, Ihr Tapas-Restaurant im Stadtzentrum von M\u00e1laga mit authentischer spanischer K\u00fcche. Buchen Sie und genie\u00dfen Sie das Erlebnis!","breadcrumb":{"@id":"https:\/\/losmarangos.com\/de\/beatas\/#breadcrumb"},"inLanguage":"de","potentialAction":[{"@type":"ReadAction","target":["https:\/\/losmarangos.com\/de\/beatas\/"]}]},{"@type":"ImageObject","inLanguage":"de","@id":"https:\/\/losmarangos.com\/de\/beatas\/#primaryimage","url":"https:\/\/losmarangos.com\/wp-content\/uploads\/2025\/04\/beatas1.jpg.jpg","contentUrl":"https:\/\/losmarangos.com\/wp-content\/uploads\/2025\/04\/beatas1.jpg.jpg","width":1920,"height":1080},{"@type":"BreadcrumbList","@id":"https:\/\/losmarangos.com\/de\/beatas\/#breadcrumb","itemListElement":[{"@type":"ListItem","position":1,"name":"Portada","item":"https:\/\/losmarangos.com\/de\/startseite\/"},{"@type":"ListItem","position":2,"name":"Beatas"}]},{"@type":"WebSite","@id":"https:\/\/losmarangos.com\/#website","url":"https:\/\/losmarangos.com\/","name":"Marangos","description":"","potentialAction":[{"@type":"SearchAction","target":{"@type":"EntryPoint","urlTemplate":"https:\/\/losmarangos.com\/?s={search_term_string}"},"query-input":{"@type":"PropertyValueSpecification","valueRequired":true,"valueName":"search_term_string"}}],"inLanguage":"de"}]}},"_links":{"self":[{"href":"https:\/\/losmarangos.com\/de\/wp-json\/wp\/v2\/pages\/1804","targetHints":{"allow":["GET"]}}],"collection":[{"href":"https:\/\/losmarangos.com\/de\/wp-json\/wp\/v2\/pages"}],"about":[{"href":"https:\/\/losmarangos.com\/de\/wp-json\/wp\/v2\/types\/page"}],"author":[{"embeddable":true,"href":"https:\/\/losmarangos.com\/de\/wp-json\/wp\/v2\/users\/1"}],"replies":[{"embeddable":true,"href":"https:\/\/losmarangos.com\/de\/wp-json\/wp\/v2\/comments?post=1804"}],"version-history":[{"count":2,"href":"https:\/\/losmarangos.com\/de\/wp-json\/wp\/v2\/pages\/1804\/revisions"}],"predecessor-version":[{"id":2903,"href":"https:\/\/losmarangos.com\/de\/wp-json\/wp\/v2\/pages\/1804\/revisions\/2903"}],"wp:featuredmedia":[{"embeddable":true,"href":"https:\/\/losmarangos.com\/de\/wp-json\/wp\/v2\/media\/1460"}],"wp:attachment":[{"href":"https:\/\/losmarangos.com\/de\/wp-json\/wp\/v2\/media?parent=1804"}],"curies":[{"name":"wp","href":"https:\/\/api.w.org\/{rel}","templated":true}]}}