{"id":3141,"date":"2026-03-13T15:41:27","date_gmt":"2026-03-13T14:41:27","guid":{"rendered":"https:\/\/losmarangos.com\/rincon-de-la-victoria\/"},"modified":"2026-03-23T13:50:35","modified_gmt":"2026-03-23T12:50:35","slug":"rincon-de-la-victoria","status":"publish","type":"page","link":"https:\/\/losmarangos.com\/de\/rincon-de-la-victoria\/","title":{"rendered":"Rinc\u00f3n de la Victoria"},"content":{"rendered":"\t\t<div data-elementor-type=\"wp-page\" data-elementor-id=\"3141\" class=\"elementor elementor-3141 elementor-3030\" data-elementor-post-type=\"page\">\n\t\t\t\t<div class=\"elementor-element elementor-element-cbf2ff6 e-flex e-con-boxed e-con e-parent\" data-id=\"cbf2ff6\" data-element_type=\"container\" data-e-type=\"container\" data-settings=\"{&quot;background_background&quot;:&quot;classic&quot;}\">\n\t\t\t\t\t<div class=\"e-con-inner\">\n\t\t<div class=\"elementor-element elementor-element-b12c7d6 e-con-full e-flex e-con e-child\" data-id=\"b12c7d6\" data-element_type=\"container\" data-e-type=\"container\">\n\t\t<div class=\"elementor-element elementor-element-9bfcbd3 e-con-full e-flex e-con e-child\" data-id=\"9bfcbd3\" data-element_type=\"container\" data-e-type=\"container\">\n\t\t\t\t<div class=\"elementor-element elementor-element-17b4e44 elementor-widget elementor-widget-button\" data-id=\"17b4e44\" data-element_type=\"widget\" data-e-type=\"widget\" data-widget_type=\"button.default\">\n\t\t\t\t<div class=\"elementor-widget-container\">\n\t\t\t\t\t\t\t\t\t<div class=\"elementor-button-wrapper\">\n\t\t\t\t\t<a class=\"elementor-button elementor-button-link elementor-size-sm\" href=\"https:\/\/losmarangos.com\/wp-content\/uploads\/cartas\/carta-los-marangos-rincon.pdf\" target=\"_blank\">\n\t\t\t\t\t\t<span class=\"elementor-button-content-wrapper\">\n\t\t\t\t\t\t\t\t\t<span class=\"elementor-button-text\">Siehe Speisekarte<\/span>\n\t\t\t\t\t<\/span>\n\t\t\t\t\t<\/a>\n\t\t\t\t<\/div>\n\t\t\t\t\t\t\t\t<\/div>\n\t\t\t\t<\/div>\n\t\t\t\t<div class=\"elementor-element elementor-element-c43e3c9 elementor-widget elementor-widget-button\" data-id=\"c43e3c9\" data-element_type=\"widget\" data-e-type=\"widget\" data-widget_type=\"button.default\">\n\t\t\t\t<div class=\"elementor-widget-container\">\n\t\t\t\t\t\t\t\t\t<div class=\"elementor-button-wrapper\">\n\t\t\t\t\t<a class=\"elementor-button elementor-button-link elementor-size-sm\" href=\"#reservar\">\n\t\t\t\t\t\t<span class=\"elementor-button-content-wrapper\">\n\t\t\t\t\t\t\t\t\t<span class=\"elementor-button-text\">Buchen Sie<\/span>\n\t\t\t\t\t<\/span>\n\t\t\t\t\t<\/a>\n\t\t\t\t<\/div>\n\t\t\t\t\t\t\t\t<\/div>\n\t\t\t\t<\/div>\n\t\t\t\t<\/div>\n\t\t\t\t<div class=\"elementor-element elementor-element-089ea2e filter-invert elementor-widget elementor-widget-image\" data-id=\"089ea2e\" data-element_type=\"widget\" data-e-type=\"widget\" data-widget_type=\"image.default\">\n\t\t\t\t<div class=\"elementor-widget-container\">\n\t\t\t\t\t\t\t\t\t\t\t\t\t\t\t<img fetchpriority=\"high\" decoding=\"async\" width=\"900\" height=\"262\" src=\"https:\/\/losmarangos.com\/wp-content\/uploads\/2026\/03\/logo-marangos-rincon-victoria1-1024x298.png\" class=\"attachment-large size-large wp-image-3011\" alt=\"\" srcset=\"https:\/\/losmarangos.com\/wp-content\/uploads\/2026\/03\/logo-marangos-rincon-victoria1-1024x298.png 1024w, https:\/\/losmarangos.com\/wp-content\/uploads\/2026\/03\/logo-marangos-rincon-victoria1-300x87.png 300w, https:\/\/losmarangos.com\/wp-content\/uploads\/2026\/03\/logo-marangos-rincon-victoria1-768x224.png 768w, https:\/\/losmarangos.com\/wp-content\/uploads\/2026\/03\/logo-marangos-rincon-victoria1-1536x447.png 1536w, https:\/\/losmarangos.com\/wp-content\/uploads\/2026\/03\/logo-marangos-rincon-victoria1-2048x596.png 2048w\" sizes=\"(max-width: 900px) 100vw, 900px\" \/>\t\t\t\t\t\t\t\t\t\t\t\t\t\t\t<\/div>\n\t\t\t\t<\/div>\n\t\t\t\t<\/div>\n\t\t\t\t\t<\/div>\n\t\t\t\t<\/div>\n\t\t<div class=\"elementor-element elementor-element-f40a133 e-con-full e-flex e-con e-parent\" data-id=\"f40a133\" data-element_type=\"container\" data-e-type=\"container\">\n\t\t\t\t<div class=\"elementor-element elementor-element-e6124d5 carousel-home elementor-arrows-position-inside elementor-widget elementor-widget-image-carousel\" data-id=\"e6124d5\" data-element_type=\"widget\" data-e-type=\"widget\" data-settings=\"{&quot;navigation&quot;:&quot;arrows&quot;,&quot;autoplay&quot;:&quot;yes&quot;,&quot;pause_on_hover&quot;:&quot;yes&quot;,&quot;pause_on_interaction&quot;:&quot;yes&quot;,&quot;autoplay_speed&quot;:5000,&quot;infinite&quot;:&quot;yes&quot;,&quot;speed&quot;:500}\" data-widget_type=\"image-carousel.default\">\n\t\t\t\t<div class=\"elementor-widget-container\">\n\t\t\t\t\t\t\t<div class=\"elementor-image-carousel-wrapper swiper\" role=\"region\" aria-roledescription=\"carousel\" aria-label=\"Carrusel de im\u00e1genes\" dir=\"ltr\">\n\t\t\t<div class=\"elementor-image-carousel swiper-wrapper\" aria-live=\"off\">\n\t\t\t\t\t\t\t\t<div class=\"swiper-slide\" role=\"group\" aria-roledescription=\"slide\" aria-label=\"1 von 4\"><figure class=\"swiper-slide-inner\"><img decoding=\"async\" class=\"swiper-slide-image\" src=\"https:\/\/losmarangos.com\/wp-content\/uploads\/2026\/03\/Fotos_Rincon_7.jpeg\" alt=\"Fotos_Rincon_7\" \/><\/figure><\/div><div class=\"swiper-slide\" role=\"group\" aria-roledescription=\"slide\" aria-label=\"2 von 4\"><figure class=\"swiper-slide-inner\"><img decoding=\"async\" class=\"swiper-slide-image\" src=\"https:\/\/losmarangos.com\/wp-content\/uploads\/2026\/03\/1481593-Mejorado-NR.jpg\" alt=\"1481593-Mejorado-NR\" \/><\/figure><\/div><div class=\"swiper-slide\" role=\"group\" aria-roledescription=\"slide\" aria-label=\"3 von 4\"><figure class=\"swiper-slide-inner\"><img decoding=\"async\" class=\"swiper-slide-image\" src=\"https:\/\/losmarangos.com\/wp-content\/uploads\/2026\/03\/Fotos_Rincon_Pro5.jpeg\" alt=\"Fotos_Rincon_Pro5\" \/><\/figure><\/div><div class=\"swiper-slide\" role=\"group\" aria-roledescription=\"slide\" aria-label=\"4 von 4\"><figure class=\"swiper-slide-inner\"><img decoding=\"async\" class=\"swiper-slide-image\" src=\"https:\/\/losmarangos.com\/wp-content\/uploads\/2026\/03\/1481573.jpg\" alt=\"1481573\" \/><\/figure><\/div>\t\t\t<\/div>\n\t\t\t\t\t\t\t\t\t\t\t\t<div class=\"elementor-swiper-button elementor-swiper-button-prev\" role=\"button\" tabindex=\"0\">\n\t\t\t\t\t\t<svg aria-hidden=\"true\" class=\"e-font-icon-svg e-eicon-chevron-left\" viewBox=\"0 0 1000 1000\" xmlns=\"http:\/\/www.w3.org\/2000\/svg\"><path d=\"M646 125C629 125 613 133 604 142L308 442C296 454 292 471 292 487 292 504 296 521 308 533L604 854C617 867 629 875 646 875 663 875 679 871 692 858 704 846 713 829 713 812 713 796 708 779 692 767L438 487 692 225C700 217 708 204 708 187 708 171 704 154 692 142 675 129 663 125 646 125Z\"><\/path><\/svg>\t\t\t\t\t<\/div>\n\t\t\t\t\t<div class=\"elementor-swiper-button elementor-swiper-button-next\" role=\"button\" tabindex=\"0\">\n\t\t\t\t\t\t<svg aria-hidden=\"true\" class=\"e-font-icon-svg e-eicon-chevron-right\" viewBox=\"0 0 1000 1000\" xmlns=\"http:\/\/www.w3.org\/2000\/svg\"><path d=\"M696 533C708 521 713 504 713 487 713 471 708 454 696 446L400 146C388 133 375 125 354 125 338 125 325 129 313 142 300 154 292 171 292 187 292 204 296 221 308 233L563 492 304 771C292 783 288 800 288 817 288 833 296 850 308 863 321 871 338 875 354 875 371 875 388 867 400 854L696 533Z\"><\/path><\/svg>\t\t\t\t\t<\/div>\n\t\t\t\t\n\t\t\t\t\t\t\t\t\t<\/div>\n\t\t\t\t\t\t<\/div>\n\t\t\t\t<\/div>\n\t\t\t\t<\/div>\n\t\t<div class=\"elementor-element elementor-element-4864557 e-flex e-con-boxed e-con e-parent\" data-id=\"4864557\" data-element_type=\"container\" data-e-type=\"container\">\n\t\t\t\t\t<div class=\"e-con-inner\">\n\t\t\t\t<div class=\"elementor-element elementor-element-9b62b83 elementor-widget elementor-widget-heading\" data-id=\"9b62b83\" data-element_type=\"widget\" data-e-type=\"widget\" data-widget_type=\"heading.default\">\n\t\t\t\t<div class=\"elementor-widget-container\">\n\t\t\t\t\t<h2 class=\"elementor-heading-title elementor-size-default\">Rinc\u00f3n de la Victoria<\/h2>\t\t\t\t<\/div>\n\t\t\t\t<\/div>\n\t\t\t\t<div class=\"elementor-element elementor-element-8d0478b elementor-widget__width-initial text-balance elementor-widget elementor-widget-text-editor\" data-id=\"8d0478b\" data-element_type=\"widget\" data-e-type=\"widget\" data-widget_type=\"text-editor.default\">\n\t\t\t\t<div class=\"elementor-widget-container\">\n\t\t\t\t\t\t\t\t\t<p>Willkommen im LOS MARANG\u00d3S Rinc\u00f3n de la Victoria, einem Ort, an dem Tradition und der Geschmack authentischer spanischer K\u00fcche auf die perfekte Atmosph\u00e4re der K\u00fcste von Malaga treffen. <br>Unser Restaurant liegt an der Strandpromenade von Rinc\u00f3n de la Victoria und bietet Ihnen beste Paellas, Tapas und spanische Gerichte sowie einen traumhaften Blick auf das Mittelmeer.<\/p><p>Das Rauschen des Meeres, die sanfte Mittelmeerbrise und eine exquisite K\u00fcche vereinen sich zu einem einzigartigen Erlebnis. Kontaktieren Sie uns, buchen Sie Ihren Aufenthalt und genie\u00dfen Sie die Aromen unserer K\u00fcche! <\/p>\t\t\t\t\t\t\t\t<\/div>\n\t\t\t\t<\/div>\n\t\t\t\t\t<\/div>\n\t\t\t\t<\/div>\n\t\t<div class=\"elementor-element elementor-element-504bd18 e-flex e-con-boxed e-con e-parent\" data-id=\"504bd18\" data-element_type=\"container\" data-e-type=\"container\">\n\t\t\t\t\t<div class=\"e-con-inner\">\n\t\t\t\t<div class=\"elementor-element elementor-element-d9e2feb elementor-widget elementor-widget-shortcode\" data-id=\"d9e2feb\" data-element_type=\"widget\" data-e-type=\"widget\" data-widget_type=\"shortcode.default\">\n\t\t\t\t<div class=\"elementor-widget-container\">\n\t\t\t\t\t\t\t<div class=\"elementor-shortcode\"><script defer async src='https:\/\/cdn.trustindex.io\/loader.js?d406e7f67a38838eb206edcefb5'><\/script><\/div>\n\t\t\t\t\t\t<\/div>\n\t\t\t\t<\/div>\n\t\t\t\t\t<\/div>\n\t\t\t\t<\/div>\n\t\t<div class=\"elementor-element elementor-element-c2b96f3 e-flex e-con-boxed e-con e-parent\" data-id=\"c2b96f3\" data-element_type=\"container\" data-e-type=\"container\" id=\"reservar\">\n\t\t\t\t\t<div class=\"e-con-inner\">\n\t\t\t\t<div class=\"elementor-element elementor-element-27a3602 elementor-widget elementor-widget-heading\" data-id=\"27a3602\" data-element_type=\"widget\" data-e-type=\"widget\" data-widget_type=\"heading.default\">\n\t\t\t\t<div class=\"elementor-widget-container\">\n\t\t\t\t\t<h2 class=\"elementor-heading-title elementor-size-default\">Reservieren Sie Ihren Tisch unter<br>LOS MARANG\u00d3S RINC\u00d3N DE LA VICTORIA<\/h2>\t\t\t\t<\/div>\n\t\t\t\t<\/div>\n\t\t\t\t<div class=\"elementor-element elementor-element-770e75d elementor-widget__width-initial elementor-widget elementor-widget-text-editor\" data-id=\"770e75d\" data-element_type=\"widget\" data-e-type=\"widget\" data-widget_type=\"text-editor.default\">\n\t\t\t\t<div class=\"elementor-widget-container\">\n\t\t\t\t\t\t\t\t\t<p>Reservieren Sie Ihren Tisch im Los Marang\u00f3s und lassen Sie sich vom Besten der spanischen K\u00fcche erobern.<\/p>\t\t\t\t\t\t\t\t<\/div>\n\t\t\t\t<\/div>\n\t\t\t\t<div class=\"elementor-element elementor-element-71ef833 elementor-align-center elementor-icon-list--layout-traditional elementor-list-item-link-full_width elementor-widget elementor-widget-icon-list\" data-id=\"71ef833\" data-element_type=\"widget\" data-e-type=\"widget\" data-widget_type=\"icon-list.default\">\n\t\t\t\t<div class=\"elementor-widget-container\">\n\t\t\t\t\t\t\t<ul class=\"elementor-icon-list-items\">\n\t\t\t\t\t\t\t<li class=\"elementor-icon-list-item\">\n\t\t\t\t\t\t\t\t\t\t\t<a href=\"tel:+34%20951%20738%20086\">\n\n\t\t\t\t\t\t\t\t\t\t\t\t<span class=\"elementor-icon-list-icon\">\n\t\t\t\t\t\t\t<svg aria-hidden=\"true\" class=\"e-font-icon-svg e-fas-phone-alt\" viewBox=\"0 0 512 512\" xmlns=\"http:\/\/www.w3.org\/2000\/svg\"><path d=\"M497.39 361.8l-112-48a24 24 0 0 0-28 6.9l-49.6 60.6A370.66 370.66 0 0 1 130.6 204.11l60.6-49.6a23.94 23.94 0 0 0 6.9-28l-48-112A24.16 24.16 0 0 0 122.6.61l-104 24A24 24 0 0 0 0 48c0 256.5 207.9 464 464 464a24 24 0 0 0 23.4-18.6l24-104a24.29 24.29 0 0 0-14.01-27.6z\"><\/path><\/svg>\t\t\t\t\t\t<\/span>\n\t\t\t\t\t\t\t\t\t\t<span class=\"elementor-icon-list-text\">+34 951 738 086<\/span>\n\t\t\t\t\t\t\t\t\t\t\t<\/a>\n\t\t\t\t\t\t\t\t\t<\/li>\n\t\t\t\t\t\t<\/ul>\n\t\t\t\t\t\t<\/div>\n\t\t\t\t<\/div>\n\t\t\t\t\t<\/div>\n\t\t\t\t<\/div>\n\t\t<div class=\"elementor-element elementor-element-6886c9b e-con-full e-flex e-con e-parent\" data-id=\"6886c9b\" data-element_type=\"container\" data-e-type=\"container\">\n\t\t\t\t<div class=\"elementor-element elementor-element-e9225f5 elementor-widget elementor-widget-google_maps\" data-id=\"e9225f5\" data-element_type=\"widget\" data-e-type=\"widget\" data-widget_type=\"google_maps.default\">\n\t\t\t\t<div class=\"elementor-widget-container\">\n\t\t\t\t\t\t\t<div class=\"elementor-custom-embed\">\n\t\t\t<iframe loading=\"lazy\"\n\t\t\t\t\tsrc=\"https:\/\/maps.google.com\/maps?q=marangos%20rinc%C3%B3n%20de%20la%20victoria&#038;t=m&#038;z=16&#038;output=embed&#038;iwloc=near\"\n\t\t\t\t\ttitle=\"marangos rinc\u00f3n de la victoria\"\n\t\t\t\t\taria-label=\"marangos rinc\u00f3n de la victoria\"\n\t\t\t><\/iframe>\n\t\t<\/div>\n\t\t\t\t\t\t<\/div>\n\t\t\t\t<\/div>\n\t\t\t\t<\/div>\n\t\t<div class=\"elementor-element elementor-element-ae49901 elementor-hidden-desktop elementor-hidden-tablet e-flex e-con-boxed e-con e-parent\" data-id=\"ae49901\" data-element_type=\"container\" data-e-type=\"container\" data-settings=\"{&quot;sticky&quot;:&quot;bottom&quot;,&quot;sticky_on&quot;:[&quot;mobile&quot;],&quot;sticky_offset&quot;:0,&quot;sticky_effects_offset&quot;:0,&quot;sticky_anchor_link_offset&quot;:0}\">\n\t\t\t\t\t<div class=\"e-con-inner\">\n\t\t<a class=\"elementor-element elementor-element-db604e8 e-con-full e-flex e-con e-child\" data-id=\"db604e8\" data-element_type=\"container\" data-e-type=\"container\" data-settings=\"{&quot;background_background&quot;:&quot;classic&quot;}\" href=\"tel:+34%20951%20738%20086\" target=\"_blank\">\n\t\t\t\t<div class=\"elementor-element elementor-element-71c8194 elementor-widget elementor-widget-heading\" data-id=\"71c8194\" data-element_type=\"widget\" data-e-type=\"widget\" data-widget_type=\"heading.default\">\n\t\t\t\t<div class=\"elementor-widget-container\">\n\t\t\t\t\t<div class=\"elementor-heading-title elementor-size-default\">Buchen Sie<\/div>\t\t\t\t<\/div>\n\t\t\t\t<\/div>\n\t\t\t\t<\/a>\n\t\t<a class=\"elementor-element elementor-element-ca50db7 e-con-full e-flex e-con e-child\" data-id=\"ca50db7\" data-element_type=\"container\" data-e-type=\"container\" data-settings=\"{&quot;background_background&quot;:&quot;classic&quot;}\" href=\"https:\/\/losmarangos.com\/wp-content\/uploads\/cartas\/carta-los-marangos-rincon.pdf\" target=\"_blank\">\n\t\t\t\t<div class=\"elementor-element elementor-element-29f1b53 elementor-widget elementor-widget-heading\" data-id=\"29f1b53\" data-element_type=\"widget\" data-e-type=\"widget\" data-widget_type=\"heading.default\">\n\t\t\t\t<div class=\"elementor-widget-container\">\n\t\t\t\t\t<div class=\"elementor-heading-title elementor-size-default\">Siehe Speisekarte<\/div>\t\t\t\t<\/div>\n\t\t\t\t<\/div>\n\t\t\t\t<\/a>\n\t\t\t\t\t<\/div>\n\t\t\t\t<\/div>\n\t\t\t\t<\/div>\n\t\t","protected":false},"excerpt":{"rendered":"<p>Siehe Speisekarte Buchen Sie Rinc\u00f3n de la Victoria Willkommen im LOS MARANG\u00d3S Rinc\u00f3n de la Victoria, einem Ort, an dem Tradition und der Geschmack authentischer spanischer K\u00fcche auf die perfekte Atmosph\u00e4re der K\u00fcste von Malaga treffen. Unser Restaurant liegt an der Strandpromenade von Rinc\u00f3n de la Victoria und bietet Ihnen beste Paellas, Tapas und spanische &#8230; <a title=\"Rinc\u00f3n de la Victoria\" class=\"read-more\" href=\"https:\/\/losmarangos.com\/de\/rincon-de-la-victoria\/\" aria-label=\"Mehr Informationen \u00fcber Rinc\u00f3n de la Victoria\">Weiterlesen<\/a><\/p>\n","protected":false},"author":1,"featured_media":3017,"parent":0,"menu_order":0,"comment_status":"closed","ping_status":"closed","template":"elementor_header_footer","meta":{"footnotes":""},"class_list":["post-3141","page","type-page","status-publish","has-post-thumbnail"],"yoast_head":"<!-- This site is optimized with the Yoast SEO plugin v27.4 - https:\/\/yoast.com\/product\/yoast-seo-wordpress\/ -->\n<title>Rinc\u00f3n de la Victoria | Restaurant mit spanischer K\u00fcche in M\u00e1laga<\/title>\n<meta name=\"description\" content=\"Rinc\u00f3n de la Victoria, Ihr Tapas- und Speiserestaurant im Stadtzentrum von Malaga mit authentischer spanischer K\u00fcche. Buchen Sie und genie\u00dfen Sie das Erlebnis!\" \/>\n<meta name=\"robots\" content=\"index, follow, max-snippet:-1, max-image-preview:large, max-video-preview:-1\" \/>\n<link rel=\"canonical\" href=\"https:\/\/losmarangos.com\/de\/rincon-de-la-victoria\/\" \/>\n<meta property=\"og:locale\" content=\"de_DE\" \/>\n<meta property=\"og:type\" content=\"article\" \/>\n<meta property=\"og:title\" content=\"Rinc\u00f3n de la Victoria | Restaurant mit spanischer K\u00fcche in M\u00e1laga\" \/>\n<meta property=\"og:description\" content=\"Rinc\u00f3n de la Victoria, Ihr Tapas- und Speiserestaurant im Stadtzentrum von Malaga mit authentischer spanischer K\u00fcche. Buchen Sie und genie\u00dfen Sie das Erlebnis!\" \/>\n<meta property=\"og:url\" content=\"https:\/\/losmarangos.com\/de\/rincon-de-la-victoria\/\" \/>\n<meta property=\"og:site_name\" content=\"Marangos\" \/>\n<meta property=\"article:modified_time\" content=\"2026-03-23T12:50:35+00:00\" \/>\n<meta property=\"og:image\" content=\"https:\/\/losmarangos.com\/wp-content\/uploads\/2026\/03\/Fotos_Rincon_7.jpeg\" \/>\n\t<meta property=\"og:image:width\" content=\"720\" \/>\n\t<meta property=\"og:image:height\" content=\"1600\" \/>\n\t<meta property=\"og:image:type\" content=\"image\/jpeg\" \/>\n<meta name=\"twitter:card\" content=\"summary_large_image\" \/>\n<meta name=\"twitter:label1\" content=\"Gesch\u00e4tzte Lesezeit\" \/>\n\t<meta name=\"twitter:data1\" content=\"1\u00a0Minute\" \/>\n<script type=\"application\/ld+json\" class=\"yoast-schema-graph\">{\"@context\":\"https:\\\/\\\/schema.org\",\"@graph\":[{\"@type\":\"WebPage\",\"@id\":\"https:\\\/\\\/losmarangos.com\\\/de\\\/rincon-de-la-victoria\\\/\",\"url\":\"https:\\\/\\\/losmarangos.com\\\/de\\\/rincon-de-la-victoria\\\/\",\"name\":\"Rinc\u00f3n de la Victoria | Restaurant mit spanischer K\u00fcche in M\u00e1laga\",\"isPartOf\":{\"@id\":\"https:\\\/\\\/losmarangos.com\\\/#website\"},\"primaryImageOfPage\":{\"@id\":\"https:\\\/\\\/losmarangos.com\\\/de\\\/rincon-de-la-victoria\\\/#primaryimage\"},\"image\":{\"@id\":\"https:\\\/\\\/losmarangos.com\\\/de\\\/rincon-de-la-victoria\\\/#primaryimage\"},\"thumbnailUrl\":\"https:\\\/\\\/losmarangos.com\\\/wp-content\\\/uploads\\\/2026\\\/03\\\/Fotos_Rincon_7.jpeg\",\"datePublished\":\"2026-03-13T14:41:27+00:00\",\"dateModified\":\"2026-03-23T12:50:35+00:00\",\"description\":\"Rinc\u00f3n de la Victoria, Ihr Tapas- und Speiserestaurant im Stadtzentrum von Malaga mit authentischer spanischer K\u00fcche. Buchen Sie und genie\u00dfen Sie das Erlebnis!\",\"breadcrumb\":{\"@id\":\"https:\\\/\\\/losmarangos.com\\\/de\\\/rincon-de-la-victoria\\\/#breadcrumb\"},\"inLanguage\":\"de\",\"potentialAction\":[{\"@type\":\"ReadAction\",\"target\":[\"https:\\\/\\\/losmarangos.com\\\/de\\\/rincon-de-la-victoria\\\/\"]}]},{\"@type\":\"ImageObject\",\"inLanguage\":\"de\",\"@id\":\"https:\\\/\\\/losmarangos.com\\\/de\\\/rincon-de-la-victoria\\\/#primaryimage\",\"url\":\"https:\\\/\\\/losmarangos.com\\\/wp-content\\\/uploads\\\/2026\\\/03\\\/Fotos_Rincon_7.jpeg\",\"contentUrl\":\"https:\\\/\\\/losmarangos.com\\\/wp-content\\\/uploads\\\/2026\\\/03\\\/Fotos_Rincon_7.jpeg\",\"width\":720,\"height\":1600},{\"@type\":\"BreadcrumbList\",\"@id\":\"https:\\\/\\\/losmarangos.com\\\/de\\\/rincon-de-la-victoria\\\/#breadcrumb\",\"itemListElement\":[{\"@type\":\"ListItem\",\"position\":1,\"name\":\"Portada\",\"item\":\"https:\\\/\\\/losmarangos.com\\\/de\\\/startseite\\\/\"},{\"@type\":\"ListItem\",\"position\":2,\"name\":\"Rinc\u00f3n de la Victoria\"}]},{\"@type\":\"WebSite\",\"@id\":\"https:\\\/\\\/losmarangos.com\\\/#website\",\"url\":\"https:\\\/\\\/losmarangos.com\\\/\",\"name\":\"Marangos\",\"description\":\"\",\"potentialAction\":[{\"@type\":\"SearchAction\",\"target\":{\"@type\":\"EntryPoint\",\"urlTemplate\":\"https:\\\/\\\/losmarangos.com\\\/?s={search_term_string}\"},\"query-input\":{\"@type\":\"PropertyValueSpecification\",\"valueRequired\":true,\"valueName\":\"search_term_string\"}}],\"inLanguage\":\"de\"}]}<\/script>\n<!-- \/ Yoast SEO plugin. -->","yoast_head_json":{"title":"Rinc\u00f3n de la Victoria | Restaurant mit spanischer K\u00fcche in M\u00e1laga","description":"Rinc\u00f3n de la Victoria, Ihr Tapas- und Speiserestaurant im Stadtzentrum von Malaga mit authentischer spanischer K\u00fcche. Buchen Sie und genie\u00dfen Sie das Erlebnis!","robots":{"index":"index","follow":"follow","max-snippet":"max-snippet:-1","max-image-preview":"max-image-preview:large","max-video-preview":"max-video-preview:-1"},"canonical":"https:\/\/losmarangos.com\/de\/rincon-de-la-victoria\/","og_locale":"de_DE","og_type":"article","og_title":"Rinc\u00f3n de la Victoria | Restaurant mit spanischer K\u00fcche in M\u00e1laga","og_description":"Rinc\u00f3n de la Victoria, Ihr Tapas- und Speiserestaurant im Stadtzentrum von Malaga mit authentischer spanischer K\u00fcche. Buchen Sie und genie\u00dfen Sie das Erlebnis!","og_url":"https:\/\/losmarangos.com\/de\/rincon-de-la-victoria\/","og_site_name":"Marangos","article_modified_time":"2026-03-23T12:50:35+00:00","og_image":[{"width":720,"height":1600,"url":"https:\/\/losmarangos.com\/wp-content\/uploads\/2026\/03\/Fotos_Rincon_7.jpeg","type":"image\/jpeg"}],"twitter_card":"summary_large_image","twitter_misc":{"Gesch\u00e4tzte Lesezeit":"1\u00a0Minute"},"schema":{"@context":"https:\/\/schema.org","@graph":[{"@type":"WebPage","@id":"https:\/\/losmarangos.com\/de\/rincon-de-la-victoria\/","url":"https:\/\/losmarangos.com\/de\/rincon-de-la-victoria\/","name":"Rinc\u00f3n de la Victoria | Restaurant mit spanischer K\u00fcche in M\u00e1laga","isPartOf":{"@id":"https:\/\/losmarangos.com\/#website"},"primaryImageOfPage":{"@id":"https:\/\/losmarangos.com\/de\/rincon-de-la-victoria\/#primaryimage"},"image":{"@id":"https:\/\/losmarangos.com\/de\/rincon-de-la-victoria\/#primaryimage"},"thumbnailUrl":"https:\/\/losmarangos.com\/wp-content\/uploads\/2026\/03\/Fotos_Rincon_7.jpeg","datePublished":"2026-03-13T14:41:27+00:00","dateModified":"2026-03-23T12:50:35+00:00","description":"Rinc\u00f3n de la Victoria, Ihr Tapas- und Speiserestaurant im Stadtzentrum von Malaga mit authentischer spanischer K\u00fcche. Buchen Sie und genie\u00dfen Sie das Erlebnis!","breadcrumb":{"@id":"https:\/\/losmarangos.com\/de\/rincon-de-la-victoria\/#breadcrumb"},"inLanguage":"de","potentialAction":[{"@type":"ReadAction","target":["https:\/\/losmarangos.com\/de\/rincon-de-la-victoria\/"]}]},{"@type":"ImageObject","inLanguage":"de","@id":"https:\/\/losmarangos.com\/de\/rincon-de-la-victoria\/#primaryimage","url":"https:\/\/losmarangos.com\/wp-content\/uploads\/2026\/03\/Fotos_Rincon_7.jpeg","contentUrl":"https:\/\/losmarangos.com\/wp-content\/uploads\/2026\/03\/Fotos_Rincon_7.jpeg","width":720,"height":1600},{"@type":"BreadcrumbList","@id":"https:\/\/losmarangos.com\/de\/rincon-de-la-victoria\/#breadcrumb","itemListElement":[{"@type":"ListItem","position":1,"name":"Portada","item":"https:\/\/losmarangos.com\/de\/startseite\/"},{"@type":"ListItem","position":2,"name":"Rinc\u00f3n de la Victoria"}]},{"@type":"WebSite","@id":"https:\/\/losmarangos.com\/#website","url":"https:\/\/losmarangos.com\/","name":"Marangos","description":"","potentialAction":[{"@type":"SearchAction","target":{"@type":"EntryPoint","urlTemplate":"https:\/\/losmarangos.com\/?s={search_term_string}"},"query-input":{"@type":"PropertyValueSpecification","valueRequired":true,"valueName":"search_term_string"}}],"inLanguage":"de"}]}},"_links":{"self":[{"href":"https:\/\/losmarangos.com\/de\/wp-json\/wp\/v2\/pages\/3141","targetHints":{"allow":["GET"]}}],"collection":[{"href":"https:\/\/losmarangos.com\/de\/wp-json\/wp\/v2\/pages"}],"about":[{"href":"https:\/\/losmarangos.com\/de\/wp-json\/wp\/v2\/types\/page"}],"author":[{"embeddable":true,"href":"https:\/\/losmarangos.com\/de\/wp-json\/wp\/v2\/users\/1"}],"replies":[{"embeddable":true,"href":"https:\/\/losmarangos.com\/de\/wp-json\/wp\/v2\/comments?post=3141"}],"version-history":[{"count":2,"href":"https:\/\/losmarangos.com\/de\/wp-json\/wp\/v2\/pages\/3141\/revisions"}],"predecessor-version":[{"id":3143,"href":"https:\/\/losmarangos.com\/de\/wp-json\/wp\/v2\/pages\/3141\/revisions\/3143"}],"wp:featuredmedia":[{"embeddable":true,"href":"https:\/\/losmarangos.com\/de\/wp-json\/wp\/v2\/media\/3017"}],"wp:attachment":[{"href":"https:\/\/losmarangos.com\/de\/wp-json\/wp\/v2\/media?parent=3141"}],"curies":[{"name":"wp","href":"https:\/\/api.w.org\/{rel}","templated":true}]}}