{"id":1798,"date":"2025-04-21T11:11:51","date_gmt":"2025-04-21T09:11:51","guid":{"rendered":"https:\/\/losmarangos.com\/casona\/"},"modified":"2025-08-26T15:14:41","modified_gmt":"2025-08-26T13:14:41","slug":"casona","status":"publish","type":"page","link":"https:\/\/losmarangos.com\/en\/casona\/","title":{"rendered":"Casona"},"content":{"rendered":"\t\t<div data-elementor-type=\"wp-page\" data-elementor-id=\"1798\" class=\"elementor elementor-1798 elementor-529\" data-elementor-post-type=\"page\">\n\t\t\t\t<div class=\"elementor-element elementor-element-cbf2ff6 e-flex e-con-boxed e-con e-parent\" data-id=\"cbf2ff6\" data-element_type=\"container\" data-e-type=\"container\" data-settings=\"{&quot;background_background&quot;:&quot;classic&quot;}\">\n\t\t\t\t\t<div class=\"e-con-inner\">\n\t\t<div class=\"elementor-element elementor-element-b12c7d6 e-con-full e-flex e-con e-child\" data-id=\"b12c7d6\" data-element_type=\"container\" data-e-type=\"container\">\n\t\t<div class=\"elementor-element elementor-element-76569bb e-con-full e-flex e-con e-child\" data-id=\"76569bb\" data-element_type=\"container\" data-e-type=\"container\">\n\t\t\t\t<div class=\"elementor-element elementor-element-7f4e7c0 elementor-widget elementor-widget-button\" data-id=\"7f4e7c0\" data-element_type=\"widget\" data-e-type=\"widget\" data-widget_type=\"button.default\">\n\t\t\t\t<div class=\"elementor-widget-container\">\n\t\t\t\t\t\t\t\t\t<div class=\"elementor-button-wrapper\">\n\t\t\t\t\t<a class=\"elementor-button elementor-button-link elementor-size-sm\" href=\"https:\/\/losmarangos.com\/wp-content\/uploads\/cartas\/carta-los-marangos-casona.pdf\" target=\"_blank\">\n\t\t\t\t\t\t<span class=\"elementor-button-content-wrapper\">\n\t\t\t\t\t\t\t\t\t<span class=\"elementor-button-text\">See menu<\/span>\n\t\t\t\t\t<\/span>\n\t\t\t\t\t<\/a>\n\t\t\t\t<\/div>\n\t\t\t\t\t\t\t\t<\/div>\n\t\t\t\t<\/div>\n\t\t\t\t<div class=\"elementor-element elementor-element-8e51c93 elementor-widget elementor-widget-button\" data-id=\"8e51c93\" data-element_type=\"widget\" data-e-type=\"widget\" data-widget_type=\"button.default\">\n\t\t\t\t<div class=\"elementor-widget-container\">\n\t\t\t\t\t\t\t\t\t<div class=\"elementor-button-wrapper\">\n\t\t\t\t\t<a class=\"elementor-button elementor-button-link elementor-size-sm\" href=\"#reservar\">\n\t\t\t\t\t\t<span class=\"elementor-button-content-wrapper\">\n\t\t\t\t\t\t\t\t\t<span class=\"elementor-button-text\">Reserve<\/span>\n\t\t\t\t\t<\/span>\n\t\t\t\t\t<\/a>\n\t\t\t\t<\/div>\n\t\t\t\t\t\t\t\t<\/div>\n\t\t\t\t<\/div>\n\t\t\t\t<\/div>\n\t\t\t\t<div class=\"elementor-element elementor-element-089ea2e filter-invert elementor-widget elementor-widget-image\" data-id=\"089ea2e\" data-element_type=\"widget\" data-e-type=\"widget\" data-widget_type=\"image.default\">\n\t\t\t\t<div class=\"elementor-widget-container\">\n\t\t\t\t\t\t\t\t\t\t\t\t\t\t\t<img fetchpriority=\"high\" decoding=\"async\" width=\"900\" height=\"431\" src=\"https:\/\/losmarangos.com\/wp-content\/uploads\/2025\/03\/logo-los-marangos-casona.png\" class=\"attachment-large size-large wp-image-1166\" alt=\"\" srcset=\"https:\/\/losmarangos.com\/wp-content\/uploads\/2025\/03\/logo-los-marangos-casona.png 978w, https:\/\/losmarangos.com\/wp-content\/uploads\/2025\/03\/logo-los-marangos-casona-300x144.png 300w, https:\/\/losmarangos.com\/wp-content\/uploads\/2025\/03\/logo-los-marangos-casona-768x368.png 768w\" sizes=\"(max-width: 900px) 100vw, 900px\" \/>\t\t\t\t\t\t\t\t\t\t\t\t\t\t\t<\/div>\n\t\t\t\t<\/div>\n\t\t\t\t<\/div>\n\t\t\t\t\t<\/div>\n\t\t\t\t<\/div>\n\t\t<div class=\"elementor-element elementor-element-239d5a5 e-con-full e-flex e-con e-parent\" data-id=\"239d5a5\" data-element_type=\"container\" data-e-type=\"container\">\n\t\t\t\t<div class=\"elementor-element elementor-element-4877c20 carousel-home elementor-arrows-position-inside elementor-widget elementor-widget-image-carousel\" data-id=\"4877c20\" data-element_type=\"widget\" data-e-type=\"widget\" data-settings=\"{&quot;navigation&quot;:&quot;arrows&quot;,&quot;autoplay&quot;:&quot;yes&quot;,&quot;pause_on_hover&quot;:&quot;yes&quot;,&quot;pause_on_interaction&quot;:&quot;yes&quot;,&quot;autoplay_speed&quot;:5000,&quot;infinite&quot;:&quot;yes&quot;,&quot;speed&quot;:500}\" data-widget_type=\"image-carousel.default\">\n\t\t\t\t<div class=\"elementor-widget-container\">\n\t\t\t\t\t\t\t<div class=\"elementor-image-carousel-wrapper swiper\" role=\"region\" aria-roledescription=\"carousel\" aria-label=\"Carrusel de im\u00e1genes\" dir=\"ltr\">\n\t\t\t<div class=\"elementor-image-carousel swiper-wrapper\" aria-live=\"off\">\n\t\t\t\t\t\t\t\t<div class=\"swiper-slide\" role=\"group\" aria-roledescription=\"slide\" aria-label=\"1 of 6\"><figure class=\"swiper-slide-inner\"><img decoding=\"async\" class=\"swiper-slide-image\" src=\"https:\/\/losmarangos.com\/wp-content\/uploads\/2025\/04\/casona1-.jpg.jpg\" alt=\"casona1 .jpg\" \/><\/figure><\/div><div class=\"swiper-slide\" role=\"group\" aria-roledescription=\"slide\" aria-label=\"2 of 6\"><figure class=\"swiper-slide-inner\"><img decoding=\"async\" class=\"swiper-slide-image\" src=\"https:\/\/losmarangos.com\/wp-content\/uploads\/2025\/04\/casona7-.jpg.jpg\" alt=\"casona7 .jpg\" \/><\/figure><\/div><div class=\"swiper-slide\" role=\"group\" aria-roledescription=\"slide\" aria-label=\"3 of 6\"><figure class=\"swiper-slide-inner\"><img decoding=\"async\" class=\"swiper-slide-image\" src=\"https:\/\/losmarangos.com\/wp-content\/uploads\/2025\/04\/casona2-.jpg.jpg\" alt=\"casona2 .jpg\" \/><\/figure><\/div><div class=\"swiper-slide\" role=\"group\" aria-roledescription=\"slide\" aria-label=\"4 of 6\"><figure class=\"swiper-slide-inner\"><img decoding=\"async\" class=\"swiper-slide-image\" src=\"https:\/\/losmarangos.com\/wp-content\/uploads\/2025\/04\/casona6-.jpg.jpg\" alt=\"casona6 .jpg\" \/><\/figure><\/div><div class=\"swiper-slide\" role=\"group\" aria-roledescription=\"slide\" aria-label=\"5 of 6\"><figure class=\"swiper-slide-inner\"><img decoding=\"async\" class=\"swiper-slide-image\" src=\"https:\/\/losmarangos.com\/wp-content\/uploads\/2025\/04\/casona3-.jpg.jpg\" alt=\"casona3 .jpg\" \/><\/figure><\/div><div class=\"swiper-slide\" role=\"group\" aria-roledescription=\"slide\" aria-label=\"6 of 6\"><figure class=\"swiper-slide-inner\"><img decoding=\"async\" class=\"swiper-slide-image\" src=\"https:\/\/losmarangos.com\/wp-content\/uploads\/2025\/04\/casona5-.jpg.jpg\" alt=\"casona5 .jpg\" \/><\/figure><\/div>\t\t\t<\/div>\n\t\t\t\t\t\t\t\t\t\t\t\t<div class=\"elementor-swiper-button elementor-swiper-button-prev\" role=\"button\" tabindex=\"0\">\n\t\t\t\t\t\t<svg aria-hidden=\"true\" class=\"e-font-icon-svg e-eicon-chevron-left\" viewBox=\"0 0 1000 1000\" xmlns=\"http:\/\/www.w3.org\/2000\/svg\"><path d=\"M646 125C629 125 613 133 604 142L308 442C296 454 292 471 292 487 292 504 296 521 308 533L604 854C617 867 629 875 646 875 663 875 679 871 692 858 704 846 713 829 713 812 713 796 708 779 692 767L438 487 692 225C700 217 708 204 708 187 708 171 704 154 692 142 675 129 663 125 646 125Z\"><\/path><\/svg>\t\t\t\t\t<\/div>\n\t\t\t\t\t<div class=\"elementor-swiper-button elementor-swiper-button-next\" role=\"button\" tabindex=\"0\">\n\t\t\t\t\t\t<svg aria-hidden=\"true\" class=\"e-font-icon-svg e-eicon-chevron-right\" viewBox=\"0 0 1000 1000\" xmlns=\"http:\/\/www.w3.org\/2000\/svg\"><path d=\"M696 533C708 521 713 504 713 487 713 471 708 454 696 446L400 146C388 133 375 125 354 125 338 125 325 129 313 142 300 154 292 171 292 187 292 204 296 221 308 233L563 492 304 771C292 783 288 800 288 817 288 833 296 850 308 863 321 871 338 875 354 875 371 875 388 867 400 854L696 533Z\"><\/path><\/svg>\t\t\t\t\t<\/div>\n\t\t\t\t\n\t\t\t\t\t\t\t\t\t<\/div>\n\t\t\t\t\t\t<\/div>\n\t\t\t\t<\/div>\n\t\t\t\t<\/div>\n\t\t<div class=\"elementor-element elementor-element-4864557 e-flex e-con-boxed e-con e-parent\" data-id=\"4864557\" data-element_type=\"container\" data-e-type=\"container\">\n\t\t\t\t\t<div class=\"e-con-inner\">\n\t\t\t\t<div class=\"elementor-element elementor-element-9b62b83 elementor-widget elementor-widget-heading\" data-id=\"9b62b83\" data-element_type=\"widget\" data-e-type=\"widget\" data-widget_type=\"heading.default\">\n\t\t\t\t<div class=\"elementor-widget-container\">\n\t\t\t\t\t<h2 class=\"elementor-heading-title elementor-size-default\">Discover CASONA LOS MARANG\u00d3S<\/h2>\t\t\t\t<\/div>\n\t\t\t\t<\/div>\n\t\t\t\t<div class=\"elementor-element elementor-element-8d0478b elementor-widget__width-initial elementor-widget elementor-widget-text-editor\" data-id=\"8d0478b\" data-element_type=\"widget\" data-e-type=\"widget\" data-widget_type=\"text-editor.default\">\n\t\t\t\t<div class=\"elementor-widget-container\">\n\t\t\t\t\t\t\t\t\t<p><b>CASONA LOS MARANG\u00d3S<\/b><span style=\"font-weight: 400;\"> is located in a large and beautiful corner of one of the many charming streets in<\/span> <b>the center of M\u00e1laga <\/b><span style=\"font-weight: 400;\">, just a few meters from the emblematic Larios street and the Plaza de la Constituci\u00f3n. In this privileged location, you can enjoy our exquisite paellas,  <\/span><b>tapas <\/b><span style=\"font-weight: 400;\">and a variety of<\/span> <b>Spanish food dishes<\/b><span style=\"font-weight: 400;\">, both on a wonderful terrace and in a large living room that stands out for its warm atmosphere and tasteful decoration. Contact us and you will enjoy the best gastronomy in a very pleasant atmosphere! <\/span><\/p>\t\t\t\t\t\t\t\t<\/div>\n\t\t\t\t<\/div>\n\t\t\t\t\t<\/div>\n\t\t\t\t<\/div>\n\t\t<div class=\"elementor-element elementor-element-504bd18 e-flex e-con-boxed e-con e-parent\" data-id=\"504bd18\" data-element_type=\"container\" data-e-type=\"container\">\n\t\t\t\t\t<div class=\"e-con-inner\">\n\t\t\t\t<div class=\"elementor-element elementor-element-d9e2feb elementor-widget elementor-widget-shortcode\" data-id=\"d9e2feb\" data-element_type=\"widget\" data-e-type=\"widget\" data-widget_type=\"shortcode.default\">\n\t\t\t\t<div class=\"elementor-widget-container\">\n\t\t\t\t\t\t\t<div class=\"elementor-shortcode\"><script defer async src='https:\/\/cdn.trustindex.io\/loader.js?d54d07645c91007e84262c8dc6a'><\/script><\/div>\n\t\t\t\t\t\t<\/div>\n\t\t\t\t<\/div>\n\t\t\t\t\t<\/div>\n\t\t\t\t<\/div>\n\t\t<div class=\"elementor-element elementor-element-dcdf26d e-flex e-con-boxed e-con e-parent\" data-id=\"dcdf26d\" data-element_type=\"container\" data-e-type=\"container\" id=\"reservar\">\n\t\t\t\t\t<div class=\"e-con-inner\">\n\t\t\t\t<div class=\"elementor-element elementor-element-1bbd135 elementor-widget elementor-widget-heading\" data-id=\"1bbd135\" data-element_type=\"widget\" data-e-type=\"widget\" data-widget_type=\"heading.default\">\n\t\t\t\t<div class=\"elementor-widget-container\">\n\t\t\t\t\t<h2 class=\"elementor-heading-title elementor-size-default\">Reserve your table at<br>CASONA LOS MARANG\u00d3S<\/h2>\t\t\t\t<\/div>\n\t\t\t\t<\/div>\n\t\t\t\t<div class=\"elementor-element elementor-element-2d64d7d elementor-widget__width-initial elementor-widget elementor-widget-text-editor\" data-id=\"2d64d7d\" data-element_type=\"widget\" data-e-type=\"widget\" data-widget_type=\"text-editor.default\">\n\t\t\t\t<div class=\"elementor-widget-container\">\n\t\t\t\t\t\t\t\t\t<p>Reserve your table at Los Marang\u00f3s and let yourself be conquered by the best of Spanish cuisine.<\/p>\t\t\t\t\t\t\t\t<\/div>\n\t\t\t\t<\/div>\n\t\t\t\t<div class=\"elementor-element elementor-element-9e10523 elementor-widget elementor-widget-html\" data-id=\"9e10523\" data-element_type=\"widget\" data-e-type=\"widget\" data-widget_type=\"html.default\">\n\t\t\t\t<div class=\"elementor-widget-container\">\n\t\t\t\t\t<iframe src=\"https:\/\/widget.thefork.com\/714ffae0-5acc-49e2-a208-e3b185ecd90f\" allow=\"payment *\" style=\"width: 100%; min-height:800px; border:none; overflow:scroll;\"><\/iframe>\t\t\t\t<\/div>\n\t\t\t\t<\/div>\n\t\t\t\t\t<\/div>\n\t\t\t\t<\/div>\n\t\t<div class=\"elementor-element elementor-element-6886c9b e-con-full e-flex e-con e-parent\" data-id=\"6886c9b\" data-element_type=\"container\" data-e-type=\"container\">\n\t\t\t\t<div class=\"elementor-element elementor-element-e9225f5 elementor-widget elementor-widget-google_maps\" data-id=\"e9225f5\" data-element_type=\"widget\" data-e-type=\"widget\" data-widget_type=\"google_maps.default\">\n\t\t\t\t<div class=\"elementor-widget-container\">\n\t\t\t\t\t\t\t<div class=\"elementor-custom-embed\">\n\t\t\t<iframe loading=\"lazy\"\n\t\t\t\t\tsrc=\"https:\/\/maps.google.com\/maps?q=casona%20los%20marangos&#038;t=m&#038;z=16&#038;output=embed&#038;iwloc=near\"\n\t\t\t\t\ttitle=\"casona los marangos\"\n\t\t\t\t\taria-label=\"casona los marangos\"\n\t\t\t><\/iframe>\n\t\t<\/div>\n\t\t\t\t\t\t<\/div>\n\t\t\t\t<\/div>\n\t\t\t\t<\/div>\n\t\t<div class=\"elementor-element elementor-element-ae49901 elementor-hidden-desktop elementor-hidden-tablet e-flex e-con-boxed e-con e-parent\" data-id=\"ae49901\" data-element_type=\"container\" data-e-type=\"container\" data-settings=\"{&quot;sticky&quot;:&quot;bottom&quot;,&quot;sticky_on&quot;:[&quot;mobile&quot;],&quot;sticky_offset&quot;:0,&quot;sticky_effects_offset&quot;:0,&quot;sticky_anchor_link_offset&quot;:0}\">\n\t\t\t\t\t<div class=\"e-con-inner\">\n\t\t<a class=\"elementor-element elementor-element-db604e8 e-con-full e-flex e-con e-child\" data-id=\"db604e8\" data-element_type=\"container\" data-e-type=\"container\" data-settings=\"{&quot;background_background&quot;:&quot;classic&quot;}\" href=\"https:\/\/widget.thefork.com\/714ffae0-5acc-49e2-a208-e3b185ecd90f\" target=\"_blank\">\n\t\t\t\t<div class=\"elementor-element elementor-element-71c8194 elementor-widget elementor-widget-heading\" data-id=\"71c8194\" data-element_type=\"widget\" data-e-type=\"widget\" data-widget_type=\"heading.default\">\n\t\t\t\t<div class=\"elementor-widget-container\">\n\t\t\t\t\t<div class=\"elementor-heading-title elementor-size-default\">Reserve<\/div>\t\t\t\t<\/div>\n\t\t\t\t<\/div>\n\t\t\t\t<\/a>\n\t\t<a class=\"elementor-element elementor-element-ca50db7 e-con-full e-flex e-con e-child\" data-id=\"ca50db7\" data-element_type=\"container\" data-e-type=\"container\" data-settings=\"{&quot;background_background&quot;:&quot;classic&quot;}\" href=\"https:\/\/losmarangos.com\/wp-content\/uploads\/cartas\/carta-los-marangos-casona.pdf\" target=\"_blank\">\n\t\t\t\t<div class=\"elementor-element elementor-element-29f1b53 elementor-widget elementor-widget-heading\" data-id=\"29f1b53\" data-element_type=\"widget\" data-e-type=\"widget\" data-widget_type=\"heading.default\">\n\t\t\t\t<div class=\"elementor-widget-container\">\n\t\t\t\t\t<div class=\"elementor-heading-title elementor-size-default\">See menu<\/div>\t\t\t\t<\/div>\n\t\t\t\t<\/div>\n\t\t\t\t<\/a>\n\t\t\t\t\t<\/div>\n\t\t\t\t<\/div>\n\t\t\t\t<\/div>\n\t\t","protected":false},"excerpt":{"rendered":"<p>See menu Reserve Discover CASONA LOS MARANG\u00d3S CASONA LOS MARANG\u00d3S is located in a large and beautiful corner of one of the many charming streets in the center of M\u00e1laga , just a few meters from the emblematic Larios street and the Plaza de la Constituci\u00f3n. In this privileged location, you can enjoy our exquisite &#8230; <a title=\"Casona\" class=\"read-more\" href=\"https:\/\/losmarangos.com\/en\/casona\/\" aria-label=\"Read more about Casona\">Read more<\/a><\/p>\n","protected":false},"author":1,"featured_media":1646,"parent":0,"menu_order":0,"comment_status":"closed","ping_status":"closed","template":"elementor_header_footer","meta":{"footnotes":""},"class_list":["post-1798","page","type-page","status-publish","has-post-thumbnail"],"yoast_head":"<!-- This site is optimized with the Yoast SEO plugin v27.4 - https:\/\/yoast.com\/product\/yoast-seo-wordpress\/ -->\n<title>Casona Los Marang\u00f3s | Spanish cuisine restaurant in M\u00e1laga<\/title>\n<meta name=\"description\" content=\"Casona Los Marang\u00f3s, your tapas and food restaurant in Malaga Center with authentic Spanish cuisine. Book and enjoy the experience!\" \/>\n<meta name=\"robots\" content=\"index, follow, max-snippet:-1, max-image-preview:large, max-video-preview:-1\" \/>\n<link rel=\"canonical\" href=\"https:\/\/losmarangos.com\/en\/casona\/\" \/>\n<meta property=\"og:locale\" content=\"en_US\" \/>\n<meta property=\"og:type\" content=\"article\" \/>\n<meta property=\"og:title\" content=\"Casona Los Marang\u00f3s | Spanish cuisine restaurant in M\u00e1laga\" \/>\n<meta property=\"og:description\" content=\"Casona Los Marang\u00f3s, your tapas and food restaurant in Malaga Center with authentic Spanish cuisine. Book and enjoy the experience!\" \/>\n<meta property=\"og:url\" content=\"https:\/\/losmarangos.com\/en\/casona\/\" \/>\n<meta property=\"og:site_name\" content=\"Marangos\" \/>\n<meta property=\"article:modified_time\" content=\"2025-08-26T13:14:41+00:00\" \/>\n<meta property=\"og:image\" content=\"https:\/\/losmarangos.com\/wp-content\/uploads\/2025\/04\/casona1-.jpg.jpg\" \/>\n\t<meta property=\"og:image:width\" content=\"1365\" \/>\n\t<meta property=\"og:image:height\" content=\"768\" \/>\n\t<meta property=\"og:image:type\" content=\"image\/jpeg\" \/>\n<meta name=\"twitter:card\" content=\"summary_large_image\" \/>\n<meta name=\"twitter:label1\" content=\"Est. reading time\" \/>\n\t<meta name=\"twitter:data1\" content=\"1 minute\" \/>\n<script type=\"application\/ld+json\" class=\"yoast-schema-graph\">{\"@context\":\"https:\\\/\\\/schema.org\",\"@graph\":[{\"@type\":\"WebPage\",\"@id\":\"https:\\\/\\\/losmarangos.com\\\/en\\\/casona\\\/\",\"url\":\"https:\\\/\\\/losmarangos.com\\\/en\\\/casona\\\/\",\"name\":\"Casona Los Marang\u00f3s | Spanish cuisine restaurant in M\u00e1laga\",\"isPartOf\":{\"@id\":\"https:\\\/\\\/losmarangos.com\\\/#website\"},\"primaryImageOfPage\":{\"@id\":\"https:\\\/\\\/losmarangos.com\\\/en\\\/casona\\\/#primaryimage\"},\"image\":{\"@id\":\"https:\\\/\\\/losmarangos.com\\\/en\\\/casona\\\/#primaryimage\"},\"thumbnailUrl\":\"https:\\\/\\\/losmarangos.com\\\/wp-content\\\/uploads\\\/2025\\\/04\\\/casona1-.jpg.jpg\",\"datePublished\":\"2025-04-21T09:11:51+00:00\",\"dateModified\":\"2025-08-26T13:14:41+00:00\",\"description\":\"Casona Los Marang\u00f3s, your tapas and food restaurant in Malaga Center with authentic Spanish cuisine. Book and enjoy the experience!\",\"breadcrumb\":{\"@id\":\"https:\\\/\\\/losmarangos.com\\\/en\\\/casona\\\/#breadcrumb\"},\"inLanguage\":\"en-US\",\"potentialAction\":[{\"@type\":\"ReadAction\",\"target\":[\"https:\\\/\\\/losmarangos.com\\\/en\\\/casona\\\/\"]}]},{\"@type\":\"ImageObject\",\"inLanguage\":\"en-US\",\"@id\":\"https:\\\/\\\/losmarangos.com\\\/en\\\/casona\\\/#primaryimage\",\"url\":\"https:\\\/\\\/losmarangos.com\\\/wp-content\\\/uploads\\\/2025\\\/04\\\/casona1-.jpg.jpg\",\"contentUrl\":\"https:\\\/\\\/losmarangos.com\\\/wp-content\\\/uploads\\\/2025\\\/04\\\/casona1-.jpg.jpg\",\"width\":1365,\"height\":768},{\"@type\":\"BreadcrumbList\",\"@id\":\"https:\\\/\\\/losmarangos.com\\\/en\\\/casona\\\/#breadcrumb\",\"itemListElement\":[{\"@type\":\"ListItem\",\"position\":1,\"name\":\"Portada\",\"item\":\"https:\\\/\\\/losmarangos.com\\\/en\\\/home\\\/\"},{\"@type\":\"ListItem\",\"position\":2,\"name\":\"Casona\"}]},{\"@type\":\"WebSite\",\"@id\":\"https:\\\/\\\/losmarangos.com\\\/#website\",\"url\":\"https:\\\/\\\/losmarangos.com\\\/\",\"name\":\"Marangos\",\"description\":\"\",\"potentialAction\":[{\"@type\":\"SearchAction\",\"target\":{\"@type\":\"EntryPoint\",\"urlTemplate\":\"https:\\\/\\\/losmarangos.com\\\/?s={search_term_string}\"},\"query-input\":{\"@type\":\"PropertyValueSpecification\",\"valueRequired\":true,\"valueName\":\"search_term_string\"}}],\"inLanguage\":\"en-US\"}]}<\/script>\n<!-- \/ Yoast SEO plugin. -->","yoast_head_json":{"title":"Casona Los Marang\u00f3s | Spanish cuisine restaurant in M\u00e1laga","description":"Casona Los Marang\u00f3s, your tapas and food restaurant in Malaga Center with authentic Spanish cuisine. Book and enjoy the experience!","robots":{"index":"index","follow":"follow","max-snippet":"max-snippet:-1","max-image-preview":"max-image-preview:large","max-video-preview":"max-video-preview:-1"},"canonical":"https:\/\/losmarangos.com\/en\/casona\/","og_locale":"en_US","og_type":"article","og_title":"Casona Los Marang\u00f3s | Spanish cuisine restaurant in M\u00e1laga","og_description":"Casona Los Marang\u00f3s, your tapas and food restaurant in Malaga Center with authentic Spanish cuisine. Book and enjoy the experience!","og_url":"https:\/\/losmarangos.com\/en\/casona\/","og_site_name":"Marangos","article_modified_time":"2025-08-26T13:14:41+00:00","og_image":[{"width":1365,"height":768,"url":"https:\/\/losmarangos.com\/wp-content\/uploads\/2025\/04\/casona1-.jpg.jpg","type":"image\/jpeg"}],"twitter_card":"summary_large_image","twitter_misc":{"Est. reading time":"1 minute"},"schema":{"@context":"https:\/\/schema.org","@graph":[{"@type":"WebPage","@id":"https:\/\/losmarangos.com\/en\/casona\/","url":"https:\/\/losmarangos.com\/en\/casona\/","name":"Casona Los Marang\u00f3s | Spanish cuisine restaurant in M\u00e1laga","isPartOf":{"@id":"https:\/\/losmarangos.com\/#website"},"primaryImageOfPage":{"@id":"https:\/\/losmarangos.com\/en\/casona\/#primaryimage"},"image":{"@id":"https:\/\/losmarangos.com\/en\/casona\/#primaryimage"},"thumbnailUrl":"https:\/\/losmarangos.com\/wp-content\/uploads\/2025\/04\/casona1-.jpg.jpg","datePublished":"2025-04-21T09:11:51+00:00","dateModified":"2025-08-26T13:14:41+00:00","description":"Casona Los Marang\u00f3s, your tapas and food restaurant in Malaga Center with authentic Spanish cuisine. Book and enjoy the experience!","breadcrumb":{"@id":"https:\/\/losmarangos.com\/en\/casona\/#breadcrumb"},"inLanguage":"en-US","potentialAction":[{"@type":"ReadAction","target":["https:\/\/losmarangos.com\/en\/casona\/"]}]},{"@type":"ImageObject","inLanguage":"en-US","@id":"https:\/\/losmarangos.com\/en\/casona\/#primaryimage","url":"https:\/\/losmarangos.com\/wp-content\/uploads\/2025\/04\/casona1-.jpg.jpg","contentUrl":"https:\/\/losmarangos.com\/wp-content\/uploads\/2025\/04\/casona1-.jpg.jpg","width":1365,"height":768},{"@type":"BreadcrumbList","@id":"https:\/\/losmarangos.com\/en\/casona\/#breadcrumb","itemListElement":[{"@type":"ListItem","position":1,"name":"Portada","item":"https:\/\/losmarangos.com\/en\/home\/"},{"@type":"ListItem","position":2,"name":"Casona"}]},{"@type":"WebSite","@id":"https:\/\/losmarangos.com\/#website","url":"https:\/\/losmarangos.com\/","name":"Marangos","description":"","potentialAction":[{"@type":"SearchAction","target":{"@type":"EntryPoint","urlTemplate":"https:\/\/losmarangos.com\/?s={search_term_string}"},"query-input":{"@type":"PropertyValueSpecification","valueRequired":true,"valueName":"search_term_string"}}],"inLanguage":"en-US"}]}},"_links":{"self":[{"href":"https:\/\/losmarangos.com\/en\/wp-json\/wp\/v2\/pages\/1798","targetHints":{"allow":["GET"]}}],"collection":[{"href":"https:\/\/losmarangos.com\/en\/wp-json\/wp\/v2\/pages"}],"about":[{"href":"https:\/\/losmarangos.com\/en\/wp-json\/wp\/v2\/types\/page"}],"author":[{"embeddable":true,"href":"https:\/\/losmarangos.com\/en\/wp-json\/wp\/v2\/users\/1"}],"replies":[{"embeddable":true,"href":"https:\/\/losmarangos.com\/en\/wp-json\/wp\/v2\/comments?post=1798"}],"version-history":[{"count":2,"href":"https:\/\/losmarangos.com\/en\/wp-json\/wp\/v2\/pages\/1798\/revisions"}],"predecessor-version":[{"id":2952,"href":"https:\/\/losmarangos.com\/en\/wp-json\/wp\/v2\/pages\/1798\/revisions\/2952"}],"wp:featuredmedia":[{"embeddable":true,"href":"https:\/\/losmarangos.com\/en\/wp-json\/wp\/v2\/media\/1646"}],"wp:attachment":[{"href":"https:\/\/losmarangos.com\/en\/wp-json\/wp\/v2\/media?parent=1798"}],"curies":[{"name":"wp","href":"https:\/\/api.w.org\/{rel}","templated":true}]}}